{"id":97,"date":"2022-05-13T15:37:54","date_gmt":"2022-05-13T15:37:54","guid":{"rendered":"https:\/\/grupomutuo.com.br\/blog\/?page_id=97"},"modified":"2022-05-13T15:38:56","modified_gmt":"2022-05-13T15:38:56","slug":"sobre","status":"publish","type":"page","link":"https:\/\/grupomutuo.com.br\/blog\/sobre\/","title":{"rendered":"Sobre"},"content":{"rendered":"\n<div class=\"wp-block-image\"><figure class=\"alignright size-full is-resized\"><img decoding=\"async\" loading=\"lazy\" src=\"https:\/\/grupomutuo.com.br\/blog\/wp-content\/uploads\/2022\/05\/cropped-logo_laranja_vertical.png\" alt=\"\" class=\"wp-image-26\" width=\"197\" height=\"197\"\/><\/figure><\/div>\n\n\n\n<p>Somos uma associa\u00e7\u00e3o que oferece assist\u00eancia, amparo e prote\u00e7\u00e3o veicular em todo o territ\u00f3rio nacional, sem fins econ\u00f4micos.<\/p>\n\n\n\n<p>Gra\u00e7as ao associativismo podemos garantir tranquilidade aos nossos associados por meio de benef\u00edcios diferenciados, como prote\u00e7\u00e3o contra colis\u00e3o, roubo, furto, inc\u00eandio e muito mais.<\/p>\n\n\n\n<p>Estamos no mercado a mais de 6 anos e sempre prezamos pelo melhor atendimento poss\u00edvel com agilidade e efici\u00eancia para oferecer o melhor \u00e0s pessoas que depositam sua confian\u00e7a em n\u00f3s.<\/p>\n\n\n\n<p>Aqui o associado encontra uma central de solu\u00e7\u00f5es para seus problemas.<\/p>\n","protected":false},"excerpt":{"rendered":"<p>Somos uma associa\u00e7\u00e3o que oferece assist\u00eancia, amparo e prote\u00e7\u00e3o veicular em todo o territ\u00f3rio nacional, sem fins econ\u00f4micos. Gra\u00e7as ao<\/p>\n","protected":false},"author":1,"featured_media":0,"parent":0,"menu_order":0,"comment_status":"closed","ping_status":"closed","template":"","meta":{"_coblocks_attr":"","_coblocks_dimensions":"","_coblocks_responsive_height":"","_coblocks_accordion_ie_support":""},"_links":{"self":[{"href":"https:\/\/grupomutuo.com.br\/blog\/wp-json\/wp\/v2\/pages\/97"}],"collection":[{"href":"https:\/\/grupomutuo.com.br\/blog\/wp-json\/wp\/v2\/pages"}],"about":[{"href":"https:\/\/grupomutuo.com.br\/blog\/wp-json\/wp\/v2\/types\/page"}],"author":[{"embeddable":true,"href":"https:\/\/grupomutuo.com.br\/blog\/wp-json\/wp\/v2\/users\/1"}],"replies":[{"embeddable":true,"href":"https:\/\/grupomutuo.com.br\/blog\/wp-json\/wp\/v2\/comments?post=97"}],"version-history":[{"count":2,"href":"https:\/\/grupomutuo.com.br\/blog\/wp-json\/wp\/v2\/pages\/97\/revisions"}],"predecessor-version":[{"id":101,"href":"https:\/\/grupomutuo.com.br\/blog\/wp-json\/wp\/v2\/pages\/97\/revisions\/101"}],"wp:attachment":[{"href":"https:\/\/grupomutuo.com.br\/blog\/wp-json\/wp\/v2\/media?parent=97"}],"curies":[{"name":"wp","href":"https:\/\/api.w.org\/{rel}","templated":true}]}}