{"id":12,"date":"2021-12-05T17:59:28","date_gmt":"2021-12-05T17:59:28","guid":{"rendered":"https:\/\/grupomutuo.com.br\/blog\/contact\/"},"modified":"2022-05-13T13:14:29","modified_gmt":"2022-05-13T13:14:29","slug":"contact","status":"publish","type":"page","link":"https:\/\/grupomutuo.com.br\/blog\/contact\/","title":{"rendered":"Contato"},"content":{"rendered":"\n<div class=\"is-layout-flex wp-container-3 wp-block-columns alignwide\">\n<div class=\"is-layout-flow wp-block-column\">\n<h5 class=\"has-custom-font\" style=\"font-family:Ubuntu;font-size:18px\"><strong>Fale conosco!<\/strong><\/h5>\n\n\n\n<p>Alguma pergunta, sugest\u00e3o ou recomenda\u00e7\u00e3o, fale conosco!<\/p>\n\n\n\n<p class=\"has-custom-font\" style=\"font-family:Ubuntu;font-size:18px\"><strong>Central de atendimento<\/strong><\/p>\n\n\n\n<ul><li>(84) 2040-0705<\/li><li>contato@grupomutuo.com.br<\/li><\/ul>\n\n\n\n<p class=\"has-custom-font\" style=\"font-family:Ubuntu;font-size:18px\"><strong>Hor\u00e1rio de funcionamento<\/strong><\/p>\n\n\n\n<ul><li>De segunda a sexta: Das 8h \u00e0s 18h<\/li><li>S\u00e1bados &#8211; Domingos: Fechado<\/li><\/ul>\n\n\n<div class=\"wp-block-coblocks-social wp-block-coblocks-social-profiles is-style-mask has-colors\" ><ul><li>\n\t\t\t\t\t<a href=\"https:\/\/www.facebook.com\/grupomutuo\" class=\"wp-block-button__link wp-block-coblocks-social__button wp-block-coblocks-social__button--facebook     has-padding\" title=\"Conta do Facebook\" style=\"border-radius: 40px;\" >\n\t\t\t\t\t\t<span class=\"wp-block-coblocks-social__icon\" style=\"height:22px;width: 22px;\"><\/span>\n\t\t\t\t\t\t<span class=\"wp-block-coblocks-social__text\">Conta do Facebook<\/span>\n\t\t\t\t\t<\/a>\n\t\t\t\t<\/li><li>\n\t\t\t\t\t<a href=\"https:\/\/www.instagram.com\/grupomutuo\/\" class=\"wp-block-button__link wp-block-coblocks-social__button wp-block-coblocks-social__button--instagram     has-padding\" title=\"Instagram\" style=\"border-radius: 40px;\" >\n\t\t\t\t\t\t<span class=\"wp-block-coblocks-social__icon\" style=\"height:22px;width: 22px;\"><\/span>\n\t\t\t\t\t\t<span class=\"wp-block-coblocks-social__text\">Instagram<\/span>\n\t\t\t\t\t<\/a>\n\t\t\t\t<\/li><\/ul><\/div><\/div>\n\n\n\n<div class=\"is-layout-flow wp-block-column\">\n\t\t<div class=\"coblocks-form\" id=\"fb7f97c8b391bad038e81bfd74938ea58c716536\">\n\n\t\t\t\n\t\t\t<form action=\"https:\/\/grupomutuo.com.br\/blog\/contact\/#fb7f97c8b391bad038e81bfd74938ea58c716536\" method=\"post\">\n\t\t\t\t\n<label for=\"nome\" class=\"coblocks-label\">Nome<\/label>\n\t\t<input type=\"hidden\" name=\"field-nome[label]\" value=\"Nome\">\n\n\t\t\t\t<input type=\"hidden\" id=\"name-field-id\" name=\"name-field-id\" class=\"coblocks-name-field-id\" value=\"field-nome\" \/>\n\t\t\n\t\t<input type=\"text\" id=\"nome\" name=\"field-nome[value]\" class=\"coblocks-field coblocks-field--name\"  \/>\n\n\t\t\n\n<label for=\"e-mail\" class=\"coblocks-label\">E-mail <span class=\"required\">&#042;<\/span><\/label>\n\t\t<input type=\"hidden\" name=\"field-e-mail[label]\" value=\"E-mail\">\n\n\t\t\n\t\t<input type=\"hidden\" id=\"email-field-id\" name=\"email-field-id\" class=\"coblocks-email-field-id\" value=\"field-e-mail\" \/>\n\t\t<input type=\"email\" id=\"e-mail\" name=\"field-e-mail[value]\" class=\"coblocks-field coblocks-field--email\" required \/>\n\n\t\t\n\n<label for=\"mensagem\" class=\"coblocks-label\">Mensagem <span class=\"required\">&#042;<\/span><\/label>\n\t\t<input type=\"hidden\" name=\"field-mensagem[label]\" value=\"Mensagem\">\n\n\t\t\n\t\t<textarea name=\"field-mensagem[value]\" id=\"mensagem\" class=\"coblocks-field coblocks-textarea\" rows=\"20\" required><\/textarea>\n\n\t\t\n\n\n\t\t<div class=\"coblocks-form__submit wp-block-button\">\n\t\t\t<button type=\"submit\" class=\"wp-block-button__link\" style=\"\">Entre em contato<\/button>\n\t\t\t<input type=\"hidden\" id=\"form-submit\" name=\"form-submit\" value=\"3ecda8cf00\" \/><input type=\"hidden\" name=\"_wp_http_referer\" value=\"\/blog\/wp-json\/wp\/v2\/pages\/12\" \/>\t\t\t<input type=\"hidden\" name=\"action\" value=\"coblocks-form-submit\">\n\n\t\t\t\t\t<\/div>\n\n\t\t\n\t\t\t\t<input class=\"coblocks-field verify\" type=\"email\" name=\"coblocks-verify-email\" autocomplete=\"off\" placeholder=\"E-mail\" tabindex=\"-1\">\n\t\t\t\t<input type=\"hidden\" name=\"form-hash\" value=\"fb7f97c8b391bad038e81bfd74938ea58c716536\">\n\n\t\t\t\t\t\t\t<\/form>\n\n\t\t<\/div>\n\n\t\t<\/div>\n<\/div>\n\n\n\n<div style=\"min-height:450px\" data-map-attr=\"\/qaddress\/q:\/qRua. Jaguarari, 2255 - Lagoa Nova, Natal - RN CEP: 59062-500.\/q||\/qlat\/q:\/qundefined\/q||\/qlng\/q:\/qundefined\/q||\/qskin\/q:\/qstandard\/q||\/qzoom\/q:\/q12\/q||\/qiconSize\/q:\/q36\/q||\/qmapTypeControl\/q:\/qtrue\/q||\/qzoomControl\/q:\/qtrue\/q||\/qstreetViewControl\/q:\/qtrue\/q||\/qfullscreenControl\/q:\/qtrue\/q\" class=\"wp-block-coblocks-map alignfull\"><iframe title=\"Google Map\" frameborder=\"0\" style=\"width:100%;min-height:450px\" src=\"https:\/\/www.google.com\/maps?q=Rua.%20Jaguarari%2C%202255%20-%20Lagoa%20Nova%2C%20Natal%20-%20RN%20CEP%3A%2059062-500.&amp;output=embed&amp;hl=pt-BR&amp;z=12\"><\/iframe><\/div>\n","protected":false},"excerpt":{"rendered":"<p>Fale conosco! Alguma pergunta, sugest\u00e3o ou recomenda\u00e7\u00e3o, fale conosco! Central de atendimento (84) 2040-0705 contato@grupomutuo.com.br Hor\u00e1rio de funcionamento De segunda<\/p>\n","protected":false},"author":1,"featured_media":0,"parent":0,"menu_order":0,"comment_status":"closed","ping_status":"closed","template":"","meta":{"_coblocks_attr":"Ubuntu,Ubuntu","_coblocks_dimensions":"","_coblocks_responsive_height":"","_coblocks_accordion_ie_support":""},"_links":{"self":[{"href":"https:\/\/grupomutuo.com.br\/blog\/wp-json\/wp\/v2\/pages\/12"}],"collection":[{"href":"https:\/\/grupomutuo.com.br\/blog\/wp-json\/wp\/v2\/pages"}],"about":[{"href":"https:\/\/grupomutuo.com.br\/blog\/wp-json\/wp\/v2\/types\/page"}],"author":[{"embeddable":true,"href":"https:\/\/grupomutuo.com.br\/blog\/wp-json\/wp\/v2\/users\/1"}],"replies":[{"embeddable":true,"href":"https:\/\/grupomutuo.com.br\/blog\/wp-json\/wp\/v2\/comments?post=12"}],"version-history":[{"count":5,"href":"https:\/\/grupomutuo.com.br\/blog\/wp-json\/wp\/v2\/pages\/12\/revisions"}],"predecessor-version":[{"id":72,"href":"https:\/\/grupomutuo.com.br\/blog\/wp-json\/wp\/v2\/pages\/12\/revisions\/72"}],"wp:attachment":[{"href":"https:\/\/grupomutuo.com.br\/blog\/wp-json\/wp\/v2\/media?parent=12"}],"curies":[{"name":"wp","href":"https:\/\/api.w.org\/{rel}","templated":true}]}}